{"id":99,"date":"2024-07-29T14:20:06","date_gmt":"2024-07-29T13:20:06","guid":{"rendered":"https:\/\/carmenmoreirapsicologia.com\/?page_id=99"},"modified":"2024-12-17T11:14:42","modified_gmt":"2024-12-17T11:14:42","slug":"politica-de-privacidade","status":"publish","type":"page","link":"https:\/\/carmenmoreirapsicologia.com\/pt_pt_ao90\/politica-de-privacidade\/","title":{"rendered":"Pol\u00edtica de Privacidade"},"content":{"rendered":"\t\t<div data-elementor-type=\"wp-page\" data-elementor-id=\"99\" class=\"elementor elementor-99\" data-elementor-post-type=\"page\">\n\t\t\t\t<div class=\"elementor-element elementor-element-0e351cd e-con-full e-flex e-con e-parent\" data-id=\"0e351cd\" data-element_type=\"container\" data-e-type=\"container\" data-settings=\"{&quot;background_background&quot;:&quot;classic&quot;}\">\n\t\t\t\t<div class=\"elementor-element elementor-element-388ba53 elementor-widget__width-initial elementor-widget-tablet__width-initial elementor-widget-mobile__width-initial elementor-widget elementor-widget-image\" data-id=\"388ba53\" data-element_type=\"widget\" data-e-type=\"widget\" data-widget_type=\"image.default\">\n\t\t\t\t<div class=\"elementor-widget-container\">\n\t\t\t\t\t\t\t\t\t\t\t\t\t\t\t\t<a href=\"https:\/\/carmenmoreirapsicologia.com\/\">\n\t\t\t\t\t\t\t<img fetchpriority=\"high\" decoding=\"async\" width=\"1444\" height=\"502\" src=\"https:\/\/carmenmoreirapsicologia.com\/wp-content\/uploads\/2024\/08\/cropped-Logotipo-Carmen-Moreira-retangular-1.png\" class=\"attachment-full size-full wp-image-890\" alt=\"Carmen Moreira Psicologia\" srcset=\"https:\/\/carmenmoreirapsicologia.com\/wp-content\/uploads\/2024\/08\/cropped-Logotipo-Carmen-Moreira-retangular-1.png 1444w, https:\/\/carmenmoreirapsicologia.com\/wp-content\/uploads\/2024\/08\/cropped-Logotipo-Carmen-Moreira-retangular-1-300x104.png 300w, https:\/\/carmenmoreirapsicologia.com\/wp-content\/uploads\/2024\/08\/cropped-Logotipo-Carmen-Moreira-retangular-1-1024x356.png 1024w, https:\/\/carmenmoreirapsicologia.com\/wp-content\/uploads\/2024\/08\/cropped-Logotipo-Carmen-Moreira-retangular-1-768x267.png 768w, https:\/\/carmenmoreirapsicologia.com\/wp-content\/uploads\/2024\/08\/cropped-Logotipo-Carmen-Moreira-retangular-1-18x6.png 18w\" sizes=\"(max-width: 1444px) 100vw, 1444px\" \/>\t\t\t\t\t\t\t\t<\/a>\n\t\t\t\t\t\t\t\t\t\t\t\t\t\t\t<\/div>\n\t\t\t\t<\/div>\n\t\t\t\t<\/div>\n\t\t<div class=\"elementor-element elementor-element-399724f e-con-full e-flex e-con e-parent\" data-id=\"399724f\" data-element_type=\"container\" data-e-type=\"container\" data-settings=\"{&quot;background_background&quot;:&quot;classic&quot;}\">\n\t\t\t\t<div class=\"elementor-element elementor-element-16242ea elementor-invisible elementor-widget elementor-widget-heading\" data-id=\"16242ea\" data-element_type=\"widget\" data-e-type=\"widget\" data-settings=\"{&quot;_animation&quot;:&quot;fadeInDown&quot;}\" data-widget_type=\"heading.default\">\n\t\t\t\t<div class=\"elementor-widget-container\">\n\t\t\t\t\t<h2 class=\"elementor-heading-title elementor-size-default\">Pol\u00edtica de Privacidade<\/h2>\t\t\t\t<\/div>\n\t\t\t\t<\/div>\n\t\t\t\t<\/div>\n\t\t<div class=\"elementor-element elementor-element-ddd8b96 e-con-full e-flex e-con e-parent\" data-id=\"ddd8b96\" data-element_type=\"container\" data-e-type=\"container\" data-settings=\"{&quot;background_background&quot;:&quot;classic&quot;}\">\n\t\t\t\t<div class=\"elementor-element elementor-element-1c78bab elementor-invisible elementor-widget elementor-widget-text-editor\" data-id=\"1c78bab\" data-element_type=\"widget\" data-e-type=\"widget\" data-settings=\"{&quot;_animation&quot;:&quot;fadeIn&quot;}\" data-widget_type=\"text-editor.default\">\n\t\t\t\t<div class=\"elementor-widget-container\">\n\t\t\t\t\t\t\t\t\t<h5>Pol\u00edtica de Privacidade<\/h5>\n<p>A sua privacidade \u00e9 importante para n\u00f3s. Esta Pol\u00edtica de Privacidade explica como recolhemos, utilizamos, partilhamos e protegemos as suas informa\u00e7\u00f5es quando utiliza o nosso site.<\/p>\n<p><strong>1. Recolha de Informa\u00e7\u00f5es<\/strong><\/p>\n<p>Recolhemos informa\u00e7\u00f5es pessoais que nos fornece voluntariamente ao preencher formul\u00e1rios de contacto, tais como nome, email e n\u00famero de telefone. Podemos tamb\u00e9m recolher informa\u00e7\u00f5es sobre a sua utiliza\u00e7\u00e3o do site atrav\u00e9s de cookies e tecnologias semelhantes.<\/p>\n<p><strong>2. Utiliza\u00e7\u00e3o das Informa\u00e7\u00f5es<\/strong><\/p>\n<p>Utilizamos as suas informa\u00e7\u00f5es para:<\/p>\n<ul>\n<li>Responder \u00e0s suas d\u00favidas e pedidos de consulta.<\/li>\n<li>Melhorar a nossa comunica\u00e7\u00e3o consigo.<\/li>\n<li>Analisar e melhorar a experi\u00eancia do utilizador no nosso site.<\/li>\n<\/ul>\n<p>\u00a0<\/p>\n<p><strong>3. Partilha de Informa\u00e7\u00f5es<\/strong><\/p>\n<p>N\u00e3o partilhamos as suas informa\u00e7\u00f5es pessoais com terceiros, excepto quando exigido por lei ou com o seu consentimento expl\u00edcito.<\/p>\n<p><strong>4. Seguran\u00e7a das Informa\u00e7\u00f5es<\/strong><\/p>\n<p>Implementamos medidas de seguran\u00e7a adequadas para proteger as suas informa\u00e7\u00f5es pessoais contra acesso n\u00e3o autorizado, divulga\u00e7\u00e3o ou destrui\u00e7\u00e3o.<\/p>\n<p><strong>5. Direitos do Utilizador<\/strong><\/p>\n<p>Tem o direito de aceder, corrigir ou eliminar as suas informa\u00e7\u00f5es pessoais. Para exercer esses direitos, entre em contacto connosco atrav\u00e9s dos nossos dados de contacto.<\/p>\n<p><strong>6. Cookies<\/strong><\/p>\n<p>O nosso site utiliza cookies para melhorar a experi\u00eancia do utilizador. Pode ajustar as defini\u00e7\u00f5es do seu navegador para recusar cookies, mas isso poder\u00e1 afectar a funcionalidade do site.<\/p>\n<p><strong>7. Altera\u00e7\u00f5es a Esta Pol\u00edtica<\/strong><\/p>\n<p>Podemos actualizar esta Pol\u00edtica de Privacidade periodicamente. Qualquer altera\u00e7\u00e3o ser\u00e1 publicada nesta p\u00e1gina.<\/p>\n<p><strong>8. Contacto<\/strong><\/p>\n<p>Se tiver alguma quest\u00e3o sobre esta Pol\u00edtica de Privacidade, por favor contacte-nos atrav\u00e9s de geral@carmenmoreirapsicologia.com .<\/p>\t\t\t\t\t\t\t\t<\/div>\n\t\t\t\t<\/div>\n\t\t\t\t<\/div>\n\t\t<div class=\"elementor-element elementor-element-f49dea6 e-con-full e-flex e-con e-parent\" data-id=\"f49dea6\" data-element_type=\"container\" data-e-type=\"container\" data-settings=\"{&quot;background_background&quot;:&quot;classic&quot;}\">\n\t\t<div class=\"elementor-element elementor-element-e8d6878 e-con-full e-flex e-con e-child\" data-id=\"e8d6878\" data-element_type=\"container\" data-e-type=\"container\">\n\t\t\t\t<div class=\"elementor-element elementor-element-e20687f elementor-widget__width-initial elementor-widget-tablet__width-initial elementor-widget elementor-widget-image\" data-id=\"e20687f\" data-element_type=\"widget\" data-e-type=\"widget\" data-widget_type=\"image.default\">\n\t\t\t\t<div class=\"elementor-widget-container\">\n\t\t\t\t\t\t\t\t\t\t\t\t\t\t\t\t<a href=\"https:\/\/carmenmoreirapsicologia.com\/\">\n\t\t\t\t\t\t\t<img decoding=\"async\" width=\"800\" height=\"278\" src=\"https:\/\/carmenmoreirapsicologia.com\/wp-content\/uploads\/2024\/08\/cropped-Logotipo-Carmen-Moreira-retangular-1-1024x356.png\" class=\"attachment-large size-large wp-image-890\" alt=\"Carmen Moreira Psicologia\" srcset=\"https:\/\/carmenmoreirapsicologia.com\/wp-content\/uploads\/2024\/08\/cropped-Logotipo-Carmen-Moreira-retangular-1-1024x356.png 1024w, https:\/\/carmenmoreirapsicologia.com\/wp-content\/uploads\/2024\/08\/cropped-Logotipo-Carmen-Moreira-retangular-1-300x104.png 300w, https:\/\/carmenmoreirapsicologia.com\/wp-content\/uploads\/2024\/08\/cropped-Logotipo-Carmen-Moreira-retangular-1-768x267.png 768w, https:\/\/carmenmoreirapsicologia.com\/wp-content\/uploads\/2024\/08\/cropped-Logotipo-Carmen-Moreira-retangular-1-18x6.png 18w, https:\/\/carmenmoreirapsicologia.com\/wp-content\/uploads\/2024\/08\/cropped-Logotipo-Carmen-Moreira-retangular-1.png 1444w\" sizes=\"(max-width: 800px) 100vw, 800px\" \/>\t\t\t\t\t\t\t\t<\/a>\n\t\t\t\t\t\t\t\t\t\t\t\t\t\t\t<\/div>\n\t\t\t\t<\/div>\n\t\t\t\t<\/div>\n\t\t<div class=\"elementor-element elementor-element-e57ba5d e-con-full e-flex e-con e-child\" data-id=\"e57ba5d\" data-element_type=\"container\" data-e-type=\"container\">\n\t\t\t\t<div class=\"elementor-element elementor-element-902dc5f elementor-align-start elementor-widget-tablet__width-initial elementor-icon-list--layout-traditional elementor-list-item-link-full_width elementor-widget elementor-widget-icon-list\" data-id=\"902dc5f\" data-element_type=\"widget\" data-e-type=\"widget\" data-widget_type=\"icon-list.default\">\n\t\t\t\t<div class=\"elementor-widget-container\">\n\t\t\t\t\t\t\t<ul class=\"elementor-icon-list-items\">\n\t\t\t\t\t\t\t<li class=\"elementor-icon-list-item\">\n\t\t\t\t\t\t\t\t\t\t\t<a href=\"https:\/\/www.google.pt\/maps\/place\/R.+do+Ouro+778,+4150-553+Porto\/@41.1482169,-8.6447435,663m\/data=!3m2!1e3!4b1!4m6!3m5!1s0xd246572407718e1:0x66ed827b3daa000b!8m2!3d41.1482169!4d-8.6421686!16s%2Fg%2F11st8ffh4r?entry=ttu&#038;g_ep=EgoyMDI0MTIxMS4wIKXMDSoASAFQAw%3D%3D\">\n\n\t\t\t\t\t\t\t\t\t\t\t\t<span class=\"elementor-icon-list-icon\">\n\t\t\t\t\t\t\t<svg aria-hidden=\"true\" class=\"e-font-icon-svg e-fas-map-marker-alt\" viewBox=\"0 0 384 512\" xmlns=\"http:\/\/www.w3.org\/2000\/svg\"><path d=\"M172.268 501.67C26.97 291.031 0 269.413 0 192 0 85.961 85.961 0 192 0s192 85.961 192 192c0 77.413-26.97 99.031-172.268 309.67-9.535 13.774-29.93 13.773-39.464 0zM192 272c44.183 0 80-35.817 80-80s-35.817-80-80-80-80 35.817-80 80 35.817 80 80 80z\"><\/path><\/svg>\t\t\t\t\t\t<\/span>\n\t\t\t\t\t\t\t\t\t\t<span class=\"elementor-icon-list-text\">CurArT - Porto<\/span>\n\t\t\t\t\t\t\t\t\t\t\t<\/a>\n\t\t\t\t\t\t\t\t\t<\/li>\n\t\t\t\t\t\t\t\t<li class=\"elementor-icon-list-item\">\n\t\t\t\t\t\t\t\t\t\t\t<a href=\"https:\/\/www.bing.com\/search?pglt=2211&#038;q=Wellness+Clinic+-+R.+Dr.+Manuel+Arala+79%2C+3880-206+Ovar%2C+Portugal&#038;cvid=0ac12d93c61b4db486783354029fe43c&#038;gs_lcrp=EgZjaHJvbWUyBggAEEUYOdIBCDEzODdqMGoxqAIAsAIA&#038;FORM=ANNTA1&#038;ucpdpc=UCPD&#038;PC=LCTS\">\n\n\t\t\t\t\t\t\t\t\t\t\t\t<span class=\"elementor-icon-list-icon\">\n\t\t\t\t\t\t\t<svg aria-hidden=\"true\" class=\"e-font-icon-svg e-fas-map-marker-alt\" viewBox=\"0 0 384 512\" xmlns=\"http:\/\/www.w3.org\/2000\/svg\"><path d=\"M172.268 501.67C26.97 291.031 0 269.413 0 192 0 85.961 85.961 0 192 0s192 85.961 192 192c0 77.413-26.97 99.031-172.268 309.67-9.535 13.774-29.93 13.773-39.464 0zM192 272c44.183 0 80-35.817 80-80s-35.817-80-80-80-80 35.817-80 80 35.817 80 80 80z\"><\/path><\/svg>\t\t\t\t\t\t<\/span>\n\t\t\t\t\t\t\t\t\t\t<span class=\"elementor-icon-list-text\">Wellness Clinic - Ovar<\/span>\n\t\t\t\t\t\t\t\t\t\t\t<\/a>\n\t\t\t\t\t\t\t\t\t<\/li>\n\t\t\t\t\t\t\t\t<li class=\"elementor-icon-list-item\">\n\t\t\t\t\t\t\t\t\t\t\t<a href=\"https:\/\/maps.app.goo.gl\/uiJKBewaKzHJ5dMD7\">\n\n\t\t\t\t\t\t\t\t\t\t\t\t<span class=\"elementor-icon-list-icon\">\n\t\t\t\t\t\t\t<svg aria-hidden=\"true\" class=\"e-font-icon-svg e-fas-map-marker-alt\" viewBox=\"0 0 384 512\" xmlns=\"http:\/\/www.w3.org\/2000\/svg\"><path d=\"M172.268 501.67C26.97 291.031 0 269.413 0 192 0 85.961 85.961 0 192 0s192 85.961 192 192c0 77.413-26.97 99.031-172.268 309.67-9.535 13.774-29.93 13.773-39.464 0zM192 272c44.183 0 80-35.817 80-80s-35.817-80-80-80-80 35.817-80 80 35.817 80 80 80z\"><\/path><\/svg>\t\t\t\t\t\t<\/span>\n\t\t\t\t\t\t\t\t\t\t<span class=\"elementor-icon-list-text\">Zatopec - Centro de Terapias - Vila Nova de Gaia<\/span>\n\t\t\t\t\t\t\t\t\t\t\t<\/a>\n\t\t\t\t\t\t\t\t\t<\/li>\n\t\t\t\t\t\t\t\t<li class=\"elementor-icon-list-item\">\n\t\t\t\t\t\t\t\t\t\t\t<a href=\"mailto:geral@carmenmoreirapsicologia.com\">\n\n\t\t\t\t\t\t\t\t\t\t\t\t<span class=\"elementor-icon-list-icon\">\n\t\t\t\t\t\t\t<svg aria-hidden=\"true\" class=\"e-font-icon-svg e-fas-envelope\" viewBox=\"0 0 512 512\" xmlns=\"http:\/\/www.w3.org\/2000\/svg\"><path d=\"M502.3 190.8c3.9-3.1 9.7-.2 9.7 4.7V400c0 26.5-21.5 48-48 48H48c-26.5 0-48-21.5-48-48V195.6c0-5 5.7-7.8 9.7-4.7 22.4 17.4 52.1 39.5 154.1 113.6 21.1 15.4 56.7 47.8 92.2 47.6 35.7.3 72-32.8 92.3-47.6 102-74.1 131.6-96.3 154-113.7zM256 320c23.2.4 56.6-29.2 73.4-41.4 132.7-96.3 142.8-104.7 173.4-128.7 5.8-4.5 9.2-11.5 9.2-18.9v-19c0-26.5-21.5-48-48-48H48C21.5 64 0 85.5 0 112v19c0 7.4 3.4 14.3 9.2 18.9 30.6 23.9 40.7 32.4 173.4 128.7 16.8 12.2 50.2 41.8 73.4 41.4z\"><\/path><\/svg>\t\t\t\t\t\t<\/span>\n\t\t\t\t\t\t\t\t\t\t<span class=\"elementor-icon-list-text\">geral@carmenmoreirapsicologia.com<\/span>\n\t\t\t\t\t\t\t\t\t\t\t<\/a>\n\t\t\t\t\t\t\t\t\t<\/li>\n\t\t\t\t\t\t\t\t<li class=\"elementor-icon-list-item\">\n\t\t\t\t\t\t\t\t\t\t\t<a href=\"https:\/\/wa.me\/351910116345\">\n\n\t\t\t\t\t\t\t\t\t\t\t\t<span class=\"elementor-icon-list-icon\">\n\t\t\t\t\t\t\t<svg aria-hidden=\"true\" class=\"e-font-icon-svg e-fab-whatsapp\" viewBox=\"0 0 448 512\" xmlns=\"http:\/\/www.w3.org\/2000\/svg\"><path d=\"M380.9 97.1C339 55.1 283.2 32 223.9 32c-122.4 0-222 99.6-222 222 0 39.1 10.2 77.3 29.6 111L0 480l117.7-30.9c32.4 17.7 68.9 27 106.1 27h.1c122.3 0 224.1-99.6 224.1-222 0-59.3-25.2-115-67.1-157zm-157 341.6c-33.2 0-65.7-8.9-94-25.7l-6.7-4-69.8 18.3L72 359.2l-4.4-7c-18.5-29.4-28.2-63.3-28.2-98.2 0-101.7 82.8-184.5 184.6-184.5 49.3 0 95.6 19.2 130.4 54.1 34.8 34.9 56.2 81.2 56.1 130.5 0 101.8-84.9 184.6-186.6 184.6zm101.2-138.2c-5.5-2.8-32.8-16.2-37.9-18-5.1-1.9-8.8-2.8-12.5 2.8-3.7 5.6-14.3 18-17.6 21.8-3.2 3.7-6.5 4.2-12 1.4-32.6-16.3-54-29.1-75.5-66-5.7-9.8 5.7-9.1 16.3-30.3 1.8-3.7.9-6.9-.5-9.7-1.4-2.8-12.5-30.1-17.1-41.2-4.5-10.8-9.1-9.3-12.5-9.5-3.2-.2-6.9-.2-10.6-.2-3.7 0-9.7 1.4-14.8 6.9-5.1 5.6-19.4 19-19.4 46.3 0 27.3 19.9 53.7 22.6 57.4 2.8 3.7 39.1 59.7 94.8 83.8 35.2 15.2 49 16.5 66.6 13.9 10.7-1.6 32.8-13.4 37.4-26.4 4.6-13 4.6-24.1 3.2-26.4-1.3-2.5-5-3.9-10.5-6.6z\"><\/path><\/svg>\t\t\t\t\t\t<\/span>\n\t\t\t\t\t\t\t\t\t\t<span class=\"elementor-icon-list-text\">Fale no WhatsApp<\/span>\n\t\t\t\t\t\t\t\t\t\t\t<\/a>\n\t\t\t\t\t\t\t\t\t<\/li>\n\t\t\t\t\t\t\t\t<li class=\"elementor-icon-list-item\">\n\t\t\t\t\t\t\t\t\t\t\t<a href=\"tel:+351910116345\">\n\n\t\t\t\t\t\t\t\t\t\t\t\t<span class=\"elementor-icon-list-icon\">\n\t\t\t\t\t\t\t<svg aria-hidden=\"true\" class=\"e-font-icon-svg e-fas-phone-alt\" viewBox=\"0 0 512 512\" xmlns=\"http:\/\/www.w3.org\/2000\/svg\"><path d=\"M497.39 361.8l-112-48a24 24 0 0 0-28 6.9l-49.6 60.6A370.66 370.66 0 0 1 130.6 204.11l60.6-49.6a23.94 23.94 0 0 0 6.9-28l-48-112A24.16 24.16 0 0 0 122.6.61l-104 24A24 24 0 0 0 0 48c0 256.5 207.9 464 464 464a24 24 0 0 0 23.4-18.6l24-104a24.29 24.29 0 0 0-14.01-27.6z\"><\/path><\/svg>\t\t\t\t\t\t<\/span>\n\t\t\t\t\t\t\t\t\t\t<span class=\"elementor-icon-list-text\">+351 910 116 345<\/span>\n\t\t\t\t\t\t\t\t\t\t\t<\/a>\n\t\t\t\t\t\t\t\t\t<\/li>\n\t\t\t\t\t\t<\/ul>\n\t\t\t\t\t\t<\/div>\n\t\t\t\t<\/div>\n\t\t\t\t<\/div>\n\t\t\t\t<\/div>\n\t\t<div class=\"elementor-element elementor-element-bdafa4c e-con-full e-flex e-con e-parent\" data-id=\"bdafa4c\" data-element_type=\"container\" data-e-type=\"container\" data-settings=\"{&quot;background_background&quot;:&quot;classic&quot;}\">\n\t\t<div class=\"elementor-element elementor-element-2af4943 e-con-full e-flex e-con e-child\" data-id=\"2af4943\" data-element_type=\"container\" data-e-type=\"container\">\n\t\t\t\t<div class=\"elementor-element elementor-element-eb59eaf elementor-widget elementor-widget-heading\" data-id=\"eb59eaf\" data-element_type=\"widget\" data-e-type=\"widget\" data-widget_type=\"heading.default\">\n\t\t\t\t<div class=\"elementor-widget-container\">\n\t\t\t\t\t<h2 class=\"elementor-heading-title elementor-size-default\"><a href=\"https:\/\/wa.me\/message\/54PPFKDBVJOYN1\" target=\"_blank\" rel=\"nofollow\">Sib\u00e9lia Corral Gest\u00f5es - Todos os direitos reservados - 2024<\/a><\/h2>\t\t\t\t<\/div>\n\t\t\t\t<\/div>\n\t\t\t\t<\/div>\n\t\t<div class=\"elementor-element elementor-element-b9ae58f e-con-full e-flex e-con e-child\" data-id=\"b9ae58f\" data-element_type=\"container\" data-e-type=\"container\">\n\t\t\t\t<div class=\"elementor-element elementor-element-7f8b905 elementor-widget elementor-widget-heading\" data-id=\"7f8b905\" data-element_type=\"widget\" data-e-type=\"widget\" data-widget_type=\"heading.default\">\n\t\t\t\t<div class=\"elementor-widget-container\">\n\t\t\t\t\t<h2 class=\"elementor-heading-title elementor-size-default\"><a href=\"https:\/\/carmenmoreirapsicologia.com\/politica-de-privacidade\/\">Termo de Uso - Politica de Privacidade<\/a><\/h2>\t\t\t\t<\/div>\n\t\t\t\t<\/div>\n\t\t\t\t<\/div>\n\t\t\t\t<\/div>\n\t\t\t\t<\/div>\n\t\t","protected":false},"excerpt":{"rendered":"<p>Pol\u00edtica de Privacidade Pol\u00edtica de Privacidade A sua privacidade \u00e9 importante para n\u00f3s. Esta Pol\u00edtica de Privacidade explica como recolhemos, utilizamos, partilhamos e protegemos as suas informa\u00e7\u00f5es quando utiliza o nosso site. 1. Recolha de Informa\u00e7\u00f5es Recolhemos informa\u00e7\u00f5es pessoais que nos fornece voluntariamente ao preencher formul\u00e1rios de contacto, tais como nome, email e n\u00famero de [&hellip;]<\/p>\n","protected":false},"author":1,"featured_media":0,"parent":0,"menu_order":0,"comment_status":"closed","ping_status":"closed","template":"elementor_canvas","meta":{"_joinchat":[],"footnotes":""},"class_list":["post-99","page","type-page","status-publish","hentry"],"_links":{"self":[{"href":"https:\/\/carmenmoreirapsicologia.com\/pt_pt_ao90\/wp-json\/wp\/v2\/pages\/99","targetHints":{"allow":["GET"]}}],"collection":[{"href":"https:\/\/carmenmoreirapsicologia.com\/pt_pt_ao90\/wp-json\/wp\/v2\/pages"}],"about":[{"href":"https:\/\/carmenmoreirapsicologia.com\/pt_pt_ao90\/wp-json\/wp\/v2\/types\/page"}],"author":[{"embeddable":true,"href":"https:\/\/carmenmoreirapsicologia.com\/pt_pt_ao90\/wp-json\/wp\/v2\/users\/1"}],"replies":[{"embeddable":true,"href":"https:\/\/carmenmoreirapsicologia.com\/pt_pt_ao90\/wp-json\/wp\/v2\/comments?post=99"}],"version-history":[{"count":27,"href":"https:\/\/carmenmoreirapsicologia.com\/pt_pt_ao90\/wp-json\/wp\/v2\/pages\/99\/revisions"}],"predecessor-version":[{"id":986,"href":"https:\/\/carmenmoreirapsicologia.com\/pt_pt_ao90\/wp-json\/wp\/v2\/pages\/99\/revisions\/986"}],"wp:attachment":[{"href":"https:\/\/carmenmoreirapsicologia.com\/pt_pt_ao90\/wp-json\/wp\/v2\/media?parent=99"}],"curies":[{"name":"wp","href":"https:\/\/api.w.org\/{rel}","templated":true}]}}