{"id":82,"date":"2024-07-29T14:06:54","date_gmt":"2024-07-29T13:06:54","guid":{"rendered":"https:\/\/carmenmoreirapsicologia.com\/?page_id=82"},"modified":"2024-12-17T11:08:51","modified_gmt":"2024-12-17T11:08:51","slug":"areas-de-intervencao","status":"publish","type":"page","link":"https:\/\/carmenmoreirapsicologia.com\/pt_pt_ao90\/areas-de-intervencao\/","title":{"rendered":"\u00c1reas de Interven\u00e7\u00e3o"},"content":{"rendered":"\t\t<div data-elementor-type=\"wp-page\" data-elementor-id=\"82\" class=\"elementor elementor-82\" data-elementor-post-type=\"page\">\n\t\t\t\t<div class=\"elementor-element elementor-element-a917f08 e-con-full e-flex e-con e-parent\" data-id=\"a917f08\" data-element_type=\"container\" data-e-type=\"container\" data-settings=\"{&quot;background_background&quot;:&quot;classic&quot;}\">\n\t\t\t\t<div class=\"elementor-element elementor-element-de1730d elementor-widget__width-initial elementor-widget-tablet__width-initial elementor-widget-mobile__width-initial elementor-widget elementor-widget-image\" data-id=\"de1730d\" data-element_type=\"widget\" data-e-type=\"widget\" data-widget_type=\"image.default\">\n\t\t\t\t<div class=\"elementor-widget-container\">\n\t\t\t\t\t\t\t\t\t\t\t\t\t\t\t\t<a href=\"https:\/\/carmenmoreirapsicologia.com\/\" target=\"_blank\" rel=\"nofollow\">\n\t\t\t\t\t\t\t<img fetchpriority=\"high\" decoding=\"async\" width=\"1444\" height=\"502\" src=\"https:\/\/carmenmoreirapsicologia.com\/wp-content\/uploads\/2024\/08\/cropped-Logotipo-Carmen-Moreira-retangular-1.png\" class=\"attachment-full size-full wp-image-890\" alt=\"Carmen Moreira Psicologia\" srcset=\"https:\/\/carmenmoreirapsicologia.com\/wp-content\/uploads\/2024\/08\/cropped-Logotipo-Carmen-Moreira-retangular-1.png 1444w, https:\/\/carmenmoreirapsicologia.com\/wp-content\/uploads\/2024\/08\/cropped-Logotipo-Carmen-Moreira-retangular-1-300x104.png 300w, https:\/\/carmenmoreirapsicologia.com\/wp-content\/uploads\/2024\/08\/cropped-Logotipo-Carmen-Moreira-retangular-1-1024x356.png 1024w, https:\/\/carmenmoreirapsicologia.com\/wp-content\/uploads\/2024\/08\/cropped-Logotipo-Carmen-Moreira-retangular-1-768x267.png 768w, https:\/\/carmenmoreirapsicologia.com\/wp-content\/uploads\/2024\/08\/cropped-Logotipo-Carmen-Moreira-retangular-1-18x6.png 18w\" sizes=\"(max-width: 1444px) 100vw, 1444px\" \/>\t\t\t\t\t\t\t\t<\/a>\n\t\t\t\t\t\t\t\t\t\t\t\t\t\t\t<\/div>\n\t\t\t\t<\/div>\n\t\t\t\t<\/div>\n\t\t<div class=\"elementor-element elementor-element-be72456 e-con-full e-flex e-con e-parent\" data-id=\"be72456\" data-element_type=\"container\" data-e-type=\"container\" data-settings=\"{&quot;background_background&quot;:&quot;classic&quot;}\">\n\t\t\t\t<div class=\"elementor-element elementor-element-e8f04d2 elementor-invisible elementor-widget elementor-widget-heading\" data-id=\"e8f04d2\" data-element_type=\"widget\" data-e-type=\"widget\" id=\"areasdeintervencao\" data-settings=\"{&quot;_animation&quot;:&quot;fadeInDown&quot;}\" data-widget_type=\"heading.default\">\n\t\t\t\t<div class=\"elementor-widget-container\">\n\t\t\t\t\t<h2 class=\"elementor-heading-title elementor-size-default\">\u00c1reas de Interven\u00e7\u00e3o<\/h2>\t\t\t\t<\/div>\n\t\t\t\t<\/div>\n\t\t\t\t<\/div>\n\t\t<div class=\"elementor-element elementor-element-bbebf12 e-con-full e-flex e-con e-parent\" data-id=\"bbebf12\" data-element_type=\"container\" data-e-type=\"container\" id=\"ansiedade\" data-settings=\"{&quot;background_background&quot;:&quot;classic&quot;}\">\n\t\t\t\t<div class=\"elementor-element elementor-element-9f8547c elementor-invisible elementor-widget elementor-widget-heading\" data-id=\"9f8547c\" data-element_type=\"widget\" data-e-type=\"widget\" id=\"#ansiedade\" data-settings=\"{&quot;_animation&quot;:&quot;fadeInRight&quot;}\" data-widget_type=\"heading.default\">\n\t\t\t\t<div class=\"elementor-widget-container\">\n\t\t\t\t\t<h2 class=\"elementor-heading-title elementor-size-default\">Transtorno de Ansiedade<\/h2>\t\t\t\t<\/div>\n\t\t\t\t<\/div>\n\t\t\t\t<div class=\"elementor-element elementor-element-a53011d elementor-invisible elementor-widget elementor-widget-text-editor\" data-id=\"a53011d\" data-element_type=\"widget\" data-e-type=\"widget\" data-settings=\"{&quot;_animation&quot;:&quot;fadeIn&quot;}\" data-widget_type=\"text-editor.default\">\n\t\t\t\t<div class=\"elementor-widget-container\">\n\t\t\t\t\t\t\t\t\t<ul><li><strong>Fobias<\/strong>: Medo intenso e irracional de objetos ou situa\u00e7\u00f5es espec\u00edficas, que pode interferir na rotina di\u00e1ria.<\/li><li><strong>Ansiedade Social<\/strong>: Medo extremo de situa\u00e7\u00f5es sociais, que leva \u00e0 evita\u00e7\u00e3o e ao isolamento.<\/li><li><strong>P\u00e2nico<\/strong>: Epis\u00f3dios s\u00fabitos de medo intenso acompanhados de sintomas f\u00edsicos, como palpita\u00e7\u00f5es e falta de ar.<\/li><li><strong>Agorafobia<\/strong>: Medo de estar em locais ou situa\u00e7\u00f5es onde a fuga pode ser dif\u00edcil ou embara\u00e7osa, resultando em evitamento de tais situa\u00e7\u00f5es.<\/li><li><strong>Ansiedade Generalizada<\/strong>: Preocupa\u00e7\u00e3o excessiva e persistente com uma variedade de temas, muitas vezes acompanhada de sintomas f\u00edsicos como tens\u00e3o muscular e ins\u00f3nia.<\/li><\/ul>\t\t\t\t\t\t\t\t<\/div>\n\t\t\t\t<\/div>\n\t\t\t\t<\/div>\n\t\t<div class=\"elementor-element elementor-element-f8ef248 e-con-full e-flex e-con e-parent\" data-id=\"f8ef248\" data-element_type=\"container\" data-e-type=\"container\" id=\"depressao\" data-settings=\"{&quot;background_background&quot;:&quot;classic&quot;}\">\n\t\t\t\t<div class=\"elementor-element elementor-element-9759673 elementor-invisible elementor-widget elementor-widget-heading\" data-id=\"9759673\" data-element_type=\"widget\" data-e-type=\"widget\" id=\"depressao\" data-settings=\"{&quot;_animation&quot;:&quot;fadeInRight&quot;}\" data-widget_type=\"heading.default\">\n\t\t\t\t<div class=\"elementor-widget-container\">\n\t\t\t\t\t<h2 class=\"elementor-heading-title elementor-size-default\">Depress\u00e3o<\/h2>\t\t\t\t<\/div>\n\t\t\t\t<\/div>\n\t\t\t\t<div class=\"elementor-element elementor-element-7806482 elementor-invisible elementor-widget elementor-widget-text-editor\" data-id=\"7806482\" data-element_type=\"widget\" data-e-type=\"widget\" data-settings=\"{&quot;_animation&quot;:&quot;fadeIn&quot;}\" data-widget_type=\"text-editor.default\">\n\t\t\t\t<div class=\"elementor-widget-container\">\n\t\t\t\t\t\t\t\t\t<ul><li><p>A depress\u00e3o \u00e9 caracterizada por sentimentos persistentes de tristeza, falta de interesse em atividades anteriormente prazerosas e uma s\u00e9rie de sintomas f\u00edsicos e emocionais que afetam o funcionamento di\u00e1rio.<\/p><\/li><\/ul>\t\t\t\t\t\t\t\t<\/div>\n\t\t\t\t<\/div>\n\t\t\t\t<\/div>\n\t\t<div class=\"elementor-element elementor-element-764b445 e-con-full e-flex e-con e-parent\" data-id=\"764b445\" data-element_type=\"container\" data-e-type=\"container\" id=\"pertubacaoobsessivacompulsiva\" data-settings=\"{&quot;background_background&quot;:&quot;classic&quot;}\">\n\t\t\t\t<div class=\"elementor-element elementor-element-5bf22b8 elementor-invisible elementor-widget elementor-widget-heading\" data-id=\"5bf22b8\" data-element_type=\"widget\" data-e-type=\"widget\" id=\"poc\" data-settings=\"{&quot;_animation&quot;:&quot;fadeInRight&quot;}\" data-widget_type=\"heading.default\">\n\t\t\t\t<div class=\"elementor-widget-container\">\n\t\t\t\t\t<h2 class=\"elementor-heading-title elementor-size-default\">Pertuba\u00e7\u00e3o Obsessiva Compulsiva (POC)<\/h2>\t\t\t\t<\/div>\n\t\t\t\t<\/div>\n\t\t\t\t<div class=\"elementor-element elementor-element-e5012f9 elementor-invisible elementor-widget elementor-widget-text-editor\" data-id=\"e5012f9\" data-element_type=\"widget\" data-e-type=\"widget\" data-settings=\"{&quot;_animation&quot;:&quot;fadeIn&quot;}\" data-widget_type=\"text-editor.default\">\n\t\t\t\t<div class=\"elementor-widget-container\">\n\t\t\t\t\t\t\t\t\t<ul><li><p>A POC envolve obsess\u00f5es (pensamentos intrusivos e indesejados) e compuls\u00f5es (comportamentos repetitivos que a pessoa sente a necessidade de realizar) que causam grande desconforto e interferem na vida quotidiana.<\/p><\/li><\/ul>\t\t\t\t\t\t\t\t<\/div>\n\t\t\t\t<\/div>\n\t\t\t\t<\/div>\n\t\t<div class=\"elementor-element elementor-element-178e8e2 e-con-full e-flex e-con e-parent\" data-id=\"178e8e2\" data-element_type=\"container\" data-e-type=\"container\" id=\"pertubacaodepersonalidade\" data-settings=\"{&quot;background_background&quot;:&quot;classic&quot;}\">\n\t\t\t\t<div class=\"elementor-element elementor-element-8b42978 elementor-invisible elementor-widget elementor-widget-heading\" data-id=\"8b42978\" data-element_type=\"widget\" data-e-type=\"widget\" id=\"personalidade\" data-settings=\"{&quot;_animation&quot;:&quot;fadeInRight&quot;}\" data-widget_type=\"heading.default\">\n\t\t\t\t<div class=\"elementor-widget-container\">\n\t\t\t\t\t<h2 class=\"elementor-heading-title elementor-size-default\">Pertuba\u00e7\u00e3o de Personalidade<\/h2>\t\t\t\t<\/div>\n\t\t\t\t<\/div>\n\t\t\t\t<div class=\"elementor-element elementor-element-5bf2cd8 elementor-invisible elementor-widget elementor-widget-text-editor\" data-id=\"5bf2cd8\" data-element_type=\"widget\" data-e-type=\"widget\" data-settings=\"{&quot;_animation&quot;:&quot;fadeIn&quot;}\" data-widget_type=\"text-editor.default\">\n\t\t\t\t<div class=\"elementor-widget-container\">\n\t\t\t\t\t\t\t\t\t<ul><li><p>As perturba\u00e7\u00f5es de personalidade s\u00e3o padr\u00f5es de comportamento e de pensamento disfuncionais e inflex\u00edveis que afetam a forma como a pessoa se relaciona com o mundo e com os outros, causando sofrimento e dificuldades em diversas \u00e1reas da vida.<\/p><\/li><\/ul>\t\t\t\t\t\t\t\t<\/div>\n\t\t\t\t<\/div>\n\t\t\t\t<\/div>\n\t\t<div class=\"elementor-element elementor-element-2a0b225 e-con-full e-flex e-con e-parent\" data-id=\"2a0b225\" data-element_type=\"container\" data-e-type=\"container\" data-settings=\"{&quot;background_background&quot;:&quot;classic&quot;}\">\n\t\t\t\t<div class=\"elementor-element elementor-element-bbb58d6 elementor-invisible elementor-widget elementor-widget-heading\" data-id=\"bbb58d6\" data-element_type=\"widget\" data-e-type=\"widget\" id=\"luto\" data-settings=\"{&quot;_animation&quot;:&quot;fadeInRight&quot;}\" data-widget_type=\"heading.default\">\n\t\t\t\t<div class=\"elementor-widget-container\">\n\t\t\t\t\t<h2 class=\"elementor-heading-title elementor-size-default\">Luto<\/h2>\t\t\t\t<\/div>\n\t\t\t\t<\/div>\n\t\t\t\t<div class=\"elementor-element elementor-element-7c9b93d elementor-invisible elementor-widget elementor-widget-text-editor\" data-id=\"7c9b93d\" data-element_type=\"widget\" data-e-type=\"widget\" data-settings=\"{&quot;_animation&quot;:&quot;fadeIn&quot;}\" data-widget_type=\"text-editor.default\">\n\t\t\t\t<div class=\"elementor-widget-container\">\n\t\t\t\t\t\t\t\t\t<ul><li><p>O processo de luto envolve a resposta emocional \u00e0 perda de um ente querido, podendo incluir uma variedade de sentimentos, como tristeza profunda, raiva, culpa e solid\u00e3o. Oferecemos apoio para ajudar a enfrentar e a processar o luto de forma saud\u00e1vel. sofrimento e dificuldades em diversas \u00e1reas da vida.<\/p><\/li><\/ul>\t\t\t\t\t\t\t\t<\/div>\n\t\t\t\t<\/div>\n\t\t\t\t<\/div>\n\t\t<div class=\"elementor-element elementor-element-ecd16a0 e-con-full e-flex e-con e-parent\" data-id=\"ecd16a0\" data-element_type=\"container\" data-e-type=\"container\" id=\"stresspostraumatico\" data-settings=\"{&quot;background_background&quot;:&quot;classic&quot;}\">\n\t\t\t\t<div class=\"elementor-element elementor-element-8d73101 elementor-invisible elementor-widget elementor-widget-heading\" data-id=\"8d73101\" data-element_type=\"widget\" data-e-type=\"widget\" id=\"ptsd\" data-settings=\"{&quot;_animation&quot;:&quot;fadeInRight&quot;}\" data-widget_type=\"heading.default\">\n\t\t\t\t<div class=\"elementor-widget-container\">\n\t\t\t\t\t<h2 class=\"elementor-heading-title elementor-size-default\">Stress P\u00f3s- Traum\u00e1tico (PTSD)<\/h2>\t\t\t\t<\/div>\n\t\t\t\t<\/div>\n\t\t\t\t<div class=\"elementor-element elementor-element-174ff8e elementor-invisible elementor-widget elementor-widget-text-editor\" data-id=\"174ff8e\" data-element_type=\"widget\" data-e-type=\"widget\" data-settings=\"{&quot;_animation&quot;:&quot;fadeIn&quot;}\" data-widget_type=\"text-editor.default\">\n\t\t\t\t<div class=\"elementor-widget-container\">\n\t\t\t\t\t\t\t\t\t<ul><li><p>O SPT ocorre ap\u00f3s a viv\u00eancia de um evento traum\u00e1tico e \u00e9 caracterizado por flashbacks, pesadelos, ansiedade severa e pensamentos incontrol\u00e1veis sobre o evento, afetando significativamente a vida da pessoa.<\/p><\/li><\/ul>\t\t\t\t\t\t\t\t<\/div>\n\t\t\t\t<\/div>\n\t\t\t\t<\/div>\n\t\t<div class=\"elementor-element elementor-element-765d863 e-con-full e-flex e-con e-parent\" data-id=\"765d863\" data-element_type=\"container\" data-e-type=\"container\" data-settings=\"{&quot;background_background&quot;:&quot;classic&quot;}\">\n\t\t\t\t<div class=\"elementor-element elementor-element-545139e elementor-invisible elementor-widget elementor-widget-heading\" data-id=\"545139e\" data-element_type=\"widget\" data-e-type=\"widget\" id=\"adaptacao\" data-settings=\"{&quot;_animation&quot;:&quot;fadeInRight&quot;}\" data-widget_type=\"heading.default\">\n\t\t\t\t<div class=\"elementor-widget-container\">\n\t\t\t\t\t<h2 class=\"elementor-heading-title elementor-size-default\">Transtorno de Adapta\u00e7\u00e3o<\/h2>\t\t\t\t<\/div>\n\t\t\t\t<\/div>\n\t\t\t\t<div class=\"elementor-element elementor-element-32c59a2 elementor-invisible elementor-widget elementor-widget-text-editor\" data-id=\"32c59a2\" data-element_type=\"widget\" data-e-type=\"widget\" id=\"transtornodeadaptacao\" data-settings=\"{&quot;_animation&quot;:&quot;fadeIn&quot;}\" data-widget_type=\"text-editor.default\">\n\t\t\t\t<div class=\"elementor-widget-container\">\n\t\t\t\t\t\t\t\t\t<ul><li><p>Os transtornos de adapta\u00e7\u00e3o s\u00e3o respostas emocionais ou comportamentais a um fator de stress identific\u00e1vel, como mudan\u00e7as de vida significativas, que resultam em sofrimento e dificuldades de funcionamento em diversas \u00e1reas da vida.<\/p><\/li><\/ul>\t\t\t\t\t\t\t\t<\/div>\n\t\t\t\t<\/div>\n\t\t\t\t<\/div>\n\t\t<div class=\"elementor-element elementor-element-379c1db e-con-full e-flex e-con e-parent\" data-id=\"379c1db\" data-element_type=\"container\" data-e-type=\"container\" data-settings=\"{&quot;background_background&quot;:&quot;classic&quot;}\">\n\t\t<div class=\"elementor-element elementor-element-7925079 e-con-full e-flex e-con e-child\" data-id=\"7925079\" data-element_type=\"container\" data-e-type=\"container\">\n\t\t\t\t<div class=\"elementor-element elementor-element-0e62ba5 elementor-widget__width-initial elementor-widget-tablet__width-initial elementor-widget elementor-widget-image\" data-id=\"0e62ba5\" data-element_type=\"widget\" data-e-type=\"widget\" data-widget_type=\"image.default\">\n\t\t\t\t<div class=\"elementor-widget-container\">\n\t\t\t\t\t\t\t\t\t\t\t\t\t\t\t\t<a href=\"https:\/\/carmenmoreirapsicologia.com\/\" target=\"_blank\" rel=\"nofollow\">\n\t\t\t\t\t\t\t<img decoding=\"async\" width=\"800\" height=\"278\" src=\"https:\/\/carmenmoreirapsicologia.com\/wp-content\/uploads\/2024\/08\/cropped-Logotipo-Carmen-Moreira-retangular-1-1024x356.png\" class=\"attachment-large size-large wp-image-890\" alt=\"Carmen Moreira Psicologia\" srcset=\"https:\/\/carmenmoreirapsicologia.com\/wp-content\/uploads\/2024\/08\/cropped-Logotipo-Carmen-Moreira-retangular-1-1024x356.png 1024w, https:\/\/carmenmoreirapsicologia.com\/wp-content\/uploads\/2024\/08\/cropped-Logotipo-Carmen-Moreira-retangular-1-300x104.png 300w, https:\/\/carmenmoreirapsicologia.com\/wp-content\/uploads\/2024\/08\/cropped-Logotipo-Carmen-Moreira-retangular-1-768x267.png 768w, https:\/\/carmenmoreirapsicologia.com\/wp-content\/uploads\/2024\/08\/cropped-Logotipo-Carmen-Moreira-retangular-1-18x6.png 18w, https:\/\/carmenmoreirapsicologia.com\/wp-content\/uploads\/2024\/08\/cropped-Logotipo-Carmen-Moreira-retangular-1.png 1444w\" sizes=\"(max-width: 800px) 100vw, 800px\" \/>\t\t\t\t\t\t\t\t<\/a>\n\t\t\t\t\t\t\t\t\t\t\t\t\t\t\t<\/div>\n\t\t\t\t<\/div>\n\t\t\t\t<\/div>\n\t\t<div class=\"elementor-element elementor-element-cb3b8b0 e-con-full e-flex e-con e-child\" data-id=\"cb3b8b0\" data-element_type=\"container\" data-e-type=\"container\">\n\t\t\t\t<div class=\"elementor-element elementor-element-65cc9bc elementor-align-start elementor-widget-tablet__width-initial elementor-icon-list--layout-traditional elementor-list-item-link-full_width elementor-widget elementor-widget-icon-list\" data-id=\"65cc9bc\" data-element_type=\"widget\" data-e-type=\"widget\" data-widget_type=\"icon-list.default\">\n\t\t\t\t<div class=\"elementor-widget-container\">\n\t\t\t\t\t\t\t<ul class=\"elementor-icon-list-items\">\n\t\t\t\t\t\t\t<li class=\"elementor-icon-list-item\">\n\t\t\t\t\t\t\t\t\t\t\t<a href=\"https:\/\/www.google.pt\/maps\/place\/R.+do+Ouro+778,+4150-553+Porto\/@41.1482169,-8.6447435,663m\/data=!3m2!1e3!4b1!4m6!3m5!1s0xd246572407718e1:0x66ed827b3daa000b!8m2!3d41.1482169!4d-8.6421686!16s%2Fg%2F11st8ffh4r?entry=ttu&#038;g_ep=EgoyMDI0MTIxMS4wIKXMDSoASAFQAw%3D%3D\" target=\"_blank\" rel=\"nofollow\">\n\n\t\t\t\t\t\t\t\t\t\t\t\t<span class=\"elementor-icon-list-icon\">\n\t\t\t\t\t\t\t<svg aria-hidden=\"true\" class=\"e-font-icon-svg e-fas-map-marker-alt\" viewBox=\"0 0 384 512\" xmlns=\"http:\/\/www.w3.org\/2000\/svg\"><path d=\"M172.268 501.67C26.97 291.031 0 269.413 0 192 0 85.961 85.961 0 192 0s192 85.961 192 192c0 77.413-26.97 99.031-172.268 309.67-9.535 13.774-29.93 13.773-39.464 0zM192 272c44.183 0 80-35.817 80-80s-35.817-80-80-80-80 35.817-80 80 35.817 80 80 80z\"><\/path><\/svg>\t\t\t\t\t\t<\/span>\n\t\t\t\t\t\t\t\t\t\t<span class=\"elementor-icon-list-text\">CurArT - Porto<\/span>\n\t\t\t\t\t\t\t\t\t\t\t<\/a>\n\t\t\t\t\t\t\t\t\t<\/li>\n\t\t\t\t\t\t\t\t<li class=\"elementor-icon-list-item\">\n\t\t\t\t\t\t\t\t\t\t\t<a href=\"https:\/\/www.bing.com\/search?pglt=2211&#038;q=Wellness+Clinic+-+R.+Dr.+Manuel+Arala+79%2C+3880-206+Ovar%2C+Portugal&#038;cvid=0ac12d93c61b4db486783354029fe43c&#038;gs_lcrp=EgZjaHJvbWUyBggAEEUYOdIBCDEzODdqMGoxqAIAsAIA&#038;FORM=ANNTA1&#038;ucpdpc=UCPD&#038;PC=LCTS\" target=\"_blank\" rel=\"nofollow\">\n\n\t\t\t\t\t\t\t\t\t\t\t\t<span class=\"elementor-icon-list-icon\">\n\t\t\t\t\t\t\t<svg aria-hidden=\"true\" class=\"e-font-icon-svg e-fas-map-marker-alt\" viewBox=\"0 0 384 512\" xmlns=\"http:\/\/www.w3.org\/2000\/svg\"><path d=\"M172.268 501.67C26.97 291.031 0 269.413 0 192 0 85.961 85.961 0 192 0s192 85.961 192 192c0 77.413-26.97 99.031-172.268 309.67-9.535 13.774-29.93 13.773-39.464 0zM192 272c44.183 0 80-35.817 80-80s-35.817-80-80-80-80 35.817-80 80 35.817 80 80 80z\"><\/path><\/svg>\t\t\t\t\t\t<\/span>\n\t\t\t\t\t\t\t\t\t\t<span class=\"elementor-icon-list-text\">Wellness Clinic - Ovar<\/span>\n\t\t\t\t\t\t\t\t\t\t\t<\/a>\n\t\t\t\t\t\t\t\t\t<\/li>\n\t\t\t\t\t\t\t\t<li class=\"elementor-icon-list-item\">\n\t\t\t\t\t\t\t\t\t\t\t<a href=\"https:\/\/maps.app.goo.gl\/uiJKBewaKzHJ5dMD7\" target=\"_blank\" rel=\"nofollow\">\n\n\t\t\t\t\t\t\t\t\t\t\t\t<span class=\"elementor-icon-list-icon\">\n\t\t\t\t\t\t\t<svg aria-hidden=\"true\" class=\"e-font-icon-svg e-fas-map-marker-alt\" viewBox=\"0 0 384 512\" xmlns=\"http:\/\/www.w3.org\/2000\/svg\"><path d=\"M172.268 501.67C26.97 291.031 0 269.413 0 192 0 85.961 85.961 0 192 0s192 85.961 192 192c0 77.413-26.97 99.031-172.268 309.67-9.535 13.774-29.93 13.773-39.464 0zM192 272c44.183 0 80-35.817 80-80s-35.817-80-80-80-80 35.817-80 80 35.817 80 80 80z\"><\/path><\/svg>\t\t\t\t\t\t<\/span>\n\t\t\t\t\t\t\t\t\t\t<span class=\"elementor-icon-list-text\">Zatopec - Centro de Terapia - Vila Nova de Gaia<\/span>\n\t\t\t\t\t\t\t\t\t\t\t<\/a>\n\t\t\t\t\t\t\t\t\t<\/li>\n\t\t\t\t\t\t\t\t<li class=\"elementor-icon-list-item\">\n\t\t\t\t\t\t\t\t\t\t\t<a href=\"mailto:geral@carmenmoreirapsicologia.com\" target=\"_blank\" rel=\"nofollow\">\n\n\t\t\t\t\t\t\t\t\t\t\t\t<span class=\"elementor-icon-list-icon\">\n\t\t\t\t\t\t\t<svg aria-hidden=\"true\" class=\"e-font-icon-svg e-fas-envelope\" viewBox=\"0 0 512 512\" xmlns=\"http:\/\/www.w3.org\/2000\/svg\"><path d=\"M502.3 190.8c3.9-3.1 9.7-.2 9.7 4.7V400c0 26.5-21.5 48-48 48H48c-26.5 0-48-21.5-48-48V195.6c0-5 5.7-7.8 9.7-4.7 22.4 17.4 52.1 39.5 154.1 113.6 21.1 15.4 56.7 47.8 92.2 47.6 35.7.3 72-32.8 92.3-47.6 102-74.1 131.6-96.3 154-113.7zM256 320c23.2.4 56.6-29.2 73.4-41.4 132.7-96.3 142.8-104.7 173.4-128.7 5.8-4.5 9.2-11.5 9.2-18.9v-19c0-26.5-21.5-48-48-48H48C21.5 64 0 85.5 0 112v19c0 7.4 3.4 14.3 9.2 18.9 30.6 23.9 40.7 32.4 173.4 128.7 16.8 12.2 50.2 41.8 73.4 41.4z\"><\/path><\/svg>\t\t\t\t\t\t<\/span>\n\t\t\t\t\t\t\t\t\t\t<span class=\"elementor-icon-list-text\">geral@carmenmoreirapsicologia.com<\/span>\n\t\t\t\t\t\t\t\t\t\t\t<\/a>\n\t\t\t\t\t\t\t\t\t<\/li>\n\t\t\t\t\t\t\t\t<li class=\"elementor-icon-list-item\">\n\t\t\t\t\t\t\t\t\t\t\t<a href=\"https:\/\/wa.me\/351910116345\" target=\"_blank\" rel=\"nofollow\">\n\n\t\t\t\t\t\t\t\t\t\t\t\t<span class=\"elementor-icon-list-icon\">\n\t\t\t\t\t\t\t<svg aria-hidden=\"true\" class=\"e-font-icon-svg e-fab-whatsapp\" viewBox=\"0 0 448 512\" xmlns=\"http:\/\/www.w3.org\/2000\/svg\"><path d=\"M380.9 97.1C339 55.1 283.2 32 223.9 32c-122.4 0-222 99.6-222 222 0 39.1 10.2 77.3 29.6 111L0 480l117.7-30.9c32.4 17.7 68.9 27 106.1 27h.1c122.3 0 224.1-99.6 224.1-222 0-59.3-25.2-115-67.1-157zm-157 341.6c-33.2 0-65.7-8.9-94-25.7l-6.7-4-69.8 18.3L72 359.2l-4.4-7c-18.5-29.4-28.2-63.3-28.2-98.2 0-101.7 82.8-184.5 184.6-184.5 49.3 0 95.6 19.2 130.4 54.1 34.8 34.9 56.2 81.2 56.1 130.5 0 101.8-84.9 184.6-186.6 184.6zm101.2-138.2c-5.5-2.8-32.8-16.2-37.9-18-5.1-1.9-8.8-2.8-12.5 2.8-3.7 5.6-14.3 18-17.6 21.8-3.2 3.7-6.5 4.2-12 1.4-32.6-16.3-54-29.1-75.5-66-5.7-9.8 5.7-9.1 16.3-30.3 1.8-3.7.9-6.9-.5-9.7-1.4-2.8-12.5-30.1-17.1-41.2-4.5-10.8-9.1-9.3-12.5-9.5-3.2-.2-6.9-.2-10.6-.2-3.7 0-9.7 1.4-14.8 6.9-5.1 5.6-19.4 19-19.4 46.3 0 27.3 19.9 53.7 22.6 57.4 2.8 3.7 39.1 59.7 94.8 83.8 35.2 15.2 49 16.5 66.6 13.9 10.7-1.6 32.8-13.4 37.4-26.4 4.6-13 4.6-24.1 3.2-26.4-1.3-2.5-5-3.9-10.5-6.6z\"><\/path><\/svg>\t\t\t\t\t\t<\/span>\n\t\t\t\t\t\t\t\t\t\t<span class=\"elementor-icon-list-text\">Fale pelo WhatsApp<\/span>\n\t\t\t\t\t\t\t\t\t\t\t<\/a>\n\t\t\t\t\t\t\t\t\t<\/li>\n\t\t\t\t\t\t\t\t<li class=\"elementor-icon-list-item\">\n\t\t\t\t\t\t\t\t\t\t\t<a href=\"tel:+351910116345\" target=\"_blank\" rel=\"nofollow\">\n\n\t\t\t\t\t\t\t\t\t\t\t\t<span class=\"elementor-icon-list-icon\">\n\t\t\t\t\t\t\t<svg aria-hidden=\"true\" class=\"e-font-icon-svg e-fas-phone-alt\" viewBox=\"0 0 512 512\" xmlns=\"http:\/\/www.w3.org\/2000\/svg\"><path d=\"M497.39 361.8l-112-48a24 24 0 0 0-28 6.9l-49.6 60.6A370.66 370.66 0 0 1 130.6 204.11l60.6-49.6a23.94 23.94 0 0 0 6.9-28l-48-112A24.16 24.16 0 0 0 122.6.61l-104 24A24 24 0 0 0 0 48c0 256.5 207.9 464 464 464a24 24 0 0 0 23.4-18.6l24-104a24.29 24.29 0 0 0-14.01-27.6z\"><\/path><\/svg>\t\t\t\t\t\t<\/span>\n\t\t\t\t\t\t\t\t\t\t<span class=\"elementor-icon-list-text\">+351 910 116 345<\/span>\n\t\t\t\t\t\t\t\t\t\t\t<\/a>\n\t\t\t\t\t\t\t\t\t<\/li>\n\t\t\t\t\t\t<\/ul>\n\t\t\t\t\t\t<\/div>\n\t\t\t\t<\/div>\n\t\t\t\t<\/div>\n\t\t\t\t<\/div>\n\t\t<div class=\"elementor-element elementor-element-d67e9fe e-con-full e-flex e-con e-parent\" data-id=\"d67e9fe\" data-element_type=\"container\" data-e-type=\"container\" data-settings=\"{&quot;background_background&quot;:&quot;classic&quot;}\">\n\t\t<div class=\"elementor-element elementor-element-191e163 e-con-full e-flex e-con e-child\" data-id=\"191e163\" data-element_type=\"container\" data-e-type=\"container\">\n\t\t\t\t<div class=\"elementor-element elementor-element-7512e49 elementor-widget elementor-widget-heading\" data-id=\"7512e49\" data-element_type=\"widget\" data-e-type=\"widget\" data-widget_type=\"heading.default\">\n\t\t\t\t<div class=\"elementor-widget-container\">\n\t\t\t\t\t<h2 class=\"elementor-heading-title elementor-size-default\"><a href=\"https:\/\/wa.me\/message\/54PPFKDBVJOYN1\" target=\"_blank\" rel=\"nofollow\">Sib\u00e9lia Corral Gest\u00f5es - Todos os direitos reservados - 2024<\/a><\/h2>\t\t\t\t<\/div>\n\t\t\t\t<\/div>\n\t\t\t\t<\/div>\n\t\t<div class=\"elementor-element elementor-element-500b8d3 e-con-full e-flex e-con e-child\" data-id=\"500b8d3\" data-element_type=\"container\" data-e-type=\"container\">\n\t\t\t\t<div class=\"elementor-element elementor-element-d5b3b55 elementor-widget elementor-widget-heading\" data-id=\"d5b3b55\" data-element_type=\"widget\" data-e-type=\"widget\" data-widget_type=\"heading.default\">\n\t\t\t\t<div class=\"elementor-widget-container\">\n\t\t\t\t\t<h2 class=\"elementor-heading-title elementor-size-default\"><a href=\"https:\/\/carmenmoreirapsicologia.com\/politica-de-privacidade\/\">Termo de Uso - Politica de Privacidade<\/a><\/h2>\t\t\t\t<\/div>\n\t\t\t\t<\/div>\n\t\t\t\t<\/div>\n\t\t\t\t<\/div>\n\t\t\t\t<\/div>\n\t\t","protected":false},"excerpt":{"rendered":"<p>\u00c1reas de Interven\u00e7\u00e3o Transtorno de Ansiedade Fobias: Medo intenso e irracional de objetos ou situa\u00e7\u00f5es espec\u00edficas, que pode interferir na rotina di\u00e1ria. Ansiedade Social: Medo extremo de situa\u00e7\u00f5es sociais, que leva \u00e0 evita\u00e7\u00e3o e ao isolamento. P\u00e2nico: Epis\u00f3dios s\u00fabitos de medo intenso acompanhados de sintomas f\u00edsicos, como palpita\u00e7\u00f5es e falta de ar. Agorafobia: Medo de [&hellip;]<\/p>\n","protected":false},"author":1,"featured_media":0,"parent":0,"menu_order":0,"comment_status":"closed","ping_status":"closed","template":"elementor_canvas","meta":{"_joinchat":[],"footnotes":""},"class_list":["post-82","page","type-page","status-publish","hentry"],"_links":{"self":[{"href":"https:\/\/carmenmoreirapsicologia.com\/pt_pt_ao90\/wp-json\/wp\/v2\/pages\/82","targetHints":{"allow":["GET"]}}],"collection":[{"href":"https:\/\/carmenmoreirapsicologia.com\/pt_pt_ao90\/wp-json\/wp\/v2\/pages"}],"about":[{"href":"https:\/\/carmenmoreirapsicologia.com\/pt_pt_ao90\/wp-json\/wp\/v2\/types\/page"}],"author":[{"embeddable":true,"href":"https:\/\/carmenmoreirapsicologia.com\/pt_pt_ao90\/wp-json\/wp\/v2\/users\/1"}],"replies":[{"embeddable":true,"href":"https:\/\/carmenmoreirapsicologia.com\/pt_pt_ao90\/wp-json\/wp\/v2\/comments?post=82"}],"version-history":[{"count":94,"href":"https:\/\/carmenmoreirapsicologia.com\/pt_pt_ao90\/wp-json\/wp\/v2\/pages\/82\/revisions"}],"predecessor-version":[{"id":971,"href":"https:\/\/carmenmoreirapsicologia.com\/pt_pt_ao90\/wp-json\/wp\/v2\/pages\/82\/revisions\/971"}],"wp:attachment":[{"href":"https:\/\/carmenmoreirapsicologia.com\/pt_pt_ao90\/wp-json\/wp\/v2\/media?parent=82"}],"curies":[{"name":"wp","href":"https:\/\/api.w.org\/{rel}","templated":true}]}}